{"id":713,"date":"2025-07-10T14:35:44","date_gmt":"2025-07-10T14:35:44","guid":{"rendered":"https:\/\/csiki.com\/nyelv\/"},"modified":"2025-07-11T09:16:03","modified_gmt":"2025-07-11T09:16:03","slug":"nyelv","status":"publish","type":"page","link":"https:\/\/csiki.com\/hu\/","title":{"rendered":"Nyelv"},"content":{"rendered":"\t\t<div data-elementor-type=\"wp-page\" data-elementor-id=\"713\" class=\"elementor elementor-713 elementor-302\" data-elementor-post-type=\"page\">\n\t\t\t\t<div class=\"elementor-element elementor-element-13d446b e-flex e-con-boxed e-con e-parent\" data-id=\"13d446b\" data-element_type=\"container\" data-e-type=\"container\" data-settings=\"{&quot;background_background&quot;:&quot;classic&quot;}\">\n\t\t\t\t\t<div class=\"e-con-inner\">\n\t\t\t\t<div class=\"elementor-element elementor-element-8d355b3 elementor-widget elementor-widget-image\" data-id=\"8d355b3\" data-element_type=\"widget\" data-e-type=\"widget\" data-widget_type=\"image.default\">\n\t\t\t\t\t\t\t\t\t\t\t\t\t\t\t<img fetchpriority=\"high\" decoding=\"async\" width=\"977\" height=\"1024\" src=\"https:\/\/csiki.com\/wp-content\/uploads\/2025\/07\/sciki-logo.svg\" class=\"attachment-large size-large wp-image-349\" alt=\"\" \/>\t\t\t\t\t\t\t\t\t\t\t\t\t\t\t<\/div>\n\t\t\t\t<div class=\"elementor-element elementor-element-b36b72b elementor-widget elementor-widget-heading\" data-id=\"b36b72b\" data-element_type=\"widget\" data-e-type=\"widget\" data-widget_type=\"heading.default\">\n\t\t\t\t\t<h2 class=\"elementor-heading-title elementor-size-default\">\u00dcdv\u00f6z\u00f6lj\u00fck \/ \u00dcdv\u00f6z\u00f6lj\u00fck \/ Bine a\u021bi venit<\/h2>\t\t\t\t<\/div>\n\t\t\t\t<div class=\"elementor-element elementor-element-cf6ab55 elementor-widget elementor-widget-heading\" data-id=\"cf6ab55\" data-element_type=\"widget\" data-e-type=\"widget\" data-widget_type=\"heading.default\">\n\t\t\t\t\t<h2 class=\"elementor-heading-title elementor-size-default\">K\u00e9rj\u00fck, v\u00e1lassza ki a k\u00edv\u00e1nt nyelvet \/ K\u00e9rj\u00fck, v\u00e1lassza ki a k\u00edv\u00e1nt nyelvet \/ V\u0103 rug\u0103m s\u0103 selecta\u021bi limba preferat\u0103<\/h2>\t\t\t\t<\/div>\n\t\t<div class=\"elementor-element elementor-element-44fd8bf e-con-full e-flex e-con e-child\" data-id=\"44fd8bf\" data-element_type=\"container\" data-e-type=\"container\">\n\t\t\t\t<div class=\"elementor-element elementor-element-b5cf483 elementor-widget elementor-widget-image\" data-id=\"b5cf483\" data-element_type=\"widget\" data-e-type=\"widget\" data-widget_type=\"image.default\">\n\t\t\t\t\t\t\t\t\t\t\t\t\t\t\t\t<a href=\"https:\/\/csiki.com\/hu\/kezdolap\/\">\n\t\t\t\t\t\t\t<img decoding=\"async\" width=\"71\" height=\"47\" src=\"https:\/\/csiki.com\/wp-content\/uploads\/2025\/07\/ico-eng.svg\" class=\"attachment-large size-large wp-image-501\" alt=\"\" \/>\t\t\t\t\t\t\t\t<\/a>\n\t\t\t\t\t\t\t\t\t\t\t\t\t\t\t<\/div>\n\t\t\t\t<div class=\"elementor-element elementor-element-5d32850 elementor-widget elementor-widget-image\" data-id=\"5d32850\" data-element_type=\"widget\" data-e-type=\"widget\" data-widget_type=\"image.default\">\n\t\t\t\t\t\t\t\t\t\t\t\t\t\t\t\t<a href=\"https:\/\/csiki.com\/hu\/kezdolap\/\">\n\t\t\t\t\t\t\t<img decoding=\"async\" width=\"81\" height=\"51\" src=\"https:\/\/csiki.com\/wp-content\/uploads\/2025\/07\/ico-hun.svg\" class=\"attachment-large size-large wp-image-489\" alt=\"\" \/>\t\t\t\t\t\t\t\t<\/a>\n\t\t\t\t\t\t\t\t\t\t\t\t\t\t\t<\/div>\n\t\t\t\t<div class=\"elementor-element elementor-element-574acbd elementor-widget elementor-widget-image\" data-id=\"574acbd\" data-element_type=\"widget\" data-e-type=\"widget\" data-widget_type=\"image.default\">\n\t\t\t\t\t\t\t\t\t\t\t\t\t\t\t\t<a href=\"https:\/\/csiki.com\/hu\/kezdolap\/\">\n\t\t\t\t\t\t\t<img loading=\"lazy\" decoding=\"async\" width=\"82\" height=\"50\" src=\"https:\/\/csiki.com\/wp-content\/uploads\/2025\/07\/ico-rom.svg\" class=\"attachment-large size-large wp-image-487\" alt=\"\" \/>\t\t\t\t\t\t\t\t<\/a>\n\t\t\t\t\t\t\t\t\t\t\t\t\t\t\t<\/div>\n\t\t\t\t<\/div>\n\t\t\t\t\t<\/div>\n\t\t\t\t<\/div>\n\t\t\t\t<\/div>\n\t\t","protected":false},"excerpt":{"rendered":"<p>\u00dcdv\u00f6z\u00f6lj\u00fck \/ \u00dcdv\u00f6z\u00f6lj\u00fck \/ Bine a\u021bi venit K\u00e9rj\u00fck, v\u00e1lassza ki a k\u00edv\u00e1nt nyelvet \/ K\u00e9rj\u00fck, v\u00e1lassza ki a k\u00edv\u00e1nt nyelvet \/ V\u0103 rug\u0103m s\u0103 selecta\u021bi limba preferat\u0103<\/p>\n","protected":false},"author":1,"featured_media":0,"parent":0,"menu_order":0,"comment_status":"closed","ping_status":"closed","template":"elementor_header_footer","meta":{"_acf_changed":false,"footnotes":""},"class_list":["post-713","page","type-page","status-publish","hentry"],"acf":[],"_links":{"self":[{"href":"https:\/\/csiki.com\/hu\/wp-json\/wp\/v2\/pages\/713","targetHints":{"allow":["GET"]}}],"collection":[{"href":"https:\/\/csiki.com\/hu\/wp-json\/wp\/v2\/pages"}],"about":[{"href":"https:\/\/csiki.com\/hu\/wp-json\/wp\/v2\/types\/page"}],"author":[{"embeddable":true,"href":"https:\/\/csiki.com\/hu\/wp-json\/wp\/v2\/users\/1"}],"replies":[{"embeddable":true,"href":"https:\/\/csiki.com\/hu\/wp-json\/wp\/v2\/comments?post=713"}],"version-history":[{"count":1,"href":"https:\/\/csiki.com\/hu\/wp-json\/wp\/v2\/pages\/713\/revisions"}],"predecessor-version":[{"id":714,"href":"https:\/\/csiki.com\/hu\/wp-json\/wp\/v2\/pages\/713\/revisions\/714"}],"wp:attachment":[{"href":"https:\/\/csiki.com\/hu\/wp-json\/wp\/v2\/media?parent=713"}],"curies":[{"name":"wp","href":"https:\/\/api.w.org\/{rel}","templated":true}]}}