{"id":636,"date":"2025-07-10T11:21:18","date_gmt":"2025-07-10T11:21:18","guid":{"rendered":"https:\/\/csiki.com\/kapcsolat\/"},"modified":"2026-04-13T12:25:57","modified_gmt":"2026-04-13T12:25:57","slug":"kapcsolat","status":"publish","type":"page","link":"https:\/\/csiki.com\/hu\/kapcsolat\/","title":{"rendered":"Kapcsolat"},"content":{"rendered":"\t\t<div data-elementor-type=\"wp-page\" data-elementor-id=\"636\" class=\"elementor elementor-636 elementor-211\" data-elementor-post-type=\"page\">\n\t\t\t\t<div class=\"elementor-element elementor-element-24a05ae e-con-full e-flex e-con e-parent\" data-id=\"24a05ae\" data-element_type=\"container\" data-e-type=\"container\" data-settings=\"{&quot;background_background&quot;:&quot;classic&quot;}\">\n\t\t\t\t<div class=\"elementor-element elementor-element-e4f4526 elementor-widget elementor-widget-image\" data-id=\"e4f4526\" data-element_type=\"widget\" data-e-type=\"widget\" data-widget_type=\"image.default\">\n\t\t\t\t\t\t\t\t\t\t\t\t\t\t\t<img decoding=\"async\" width=\"115\" height=\"22\" src=\"https:\/\/csiki.com\/wp-content\/uploads\/2025\/07\/contactHU.svg\" class=\"attachment-large size-large wp-image-641\" alt=\"\" \/>\t\t\t\t\t\t\t\t\t\t\t\t\t\t\t<\/div>\n\t\t\t\t<\/div>\n\t\t<div class=\"elementor-element elementor-element-1c72b16 e-con-full e-flex e-con e-parent\" data-id=\"1c72b16\" data-element_type=\"container\" data-e-type=\"container\">\n\t\t\t\t<div class=\"elementor-element elementor-element-a3b9fce elementor-fixed elementor-widget elementor-widget-button\" data-id=\"a3b9fce\" data-element_type=\"widget\" data-e-type=\"widget\" data-settings=\"{&quot;_position&quot;:&quot;fixed&quot;}\" data-widget_type=\"button.default\">\n\t\t\t\t\t\t\t\t\t\t<a class=\"elementor-button elementor-button-link elementor-size-sm\" href=\"https:\/\/csiki.com\/hu\/latogass-meg-minket\/\">\n\t\t\t\t\t\t<span class=\"elementor-button-content-wrapper\">\n\t\t\t\t\t\t\t\t\t<span class=\"elementor-button-text\">L\u00e1togass meg minket!<\/span>\n\t\t\t\t\t<\/span>\n\t\t\t\t\t<\/a>\n\t\t\t\t\t\t\t\t<\/div>\n\t\t\t\t<\/div>\n\t\t<div class=\"elementor-element elementor-element-0af49d0 e-flex e-con-boxed e-con e-parent\" data-id=\"0af49d0\" data-element_type=\"container\" data-e-type=\"container\">\n\t\t\t\t\t<div class=\"e-con-inner\">\n\t\t<div class=\"elementor-element elementor-element-15da11d e-con-full e-flex e-con e-child\" data-id=\"15da11d\" data-element_type=\"container\" data-e-type=\"container\">\n\t\t<div class=\"elementor-element elementor-element-5e8139d e-con-full e-flex e-con e-child\" data-id=\"5e8139d\" data-element_type=\"container\" data-e-type=\"container\" data-settings=\"{&quot;background_background&quot;:&quot;classic&quot;}\">\n\t\t\t\t<div class=\"elementor-element elementor-element-08f0b74 elementor-widget elementor-widget-heading\" data-id=\"08f0b74\" data-element_type=\"widget\" data-e-type=\"widget\" data-widget_type=\"heading.default\">\n\t\t\t\t\t<h2 class=\"elementor-heading-title elementor-size-default\">CS\u00cdKI csoport<\/h2>\t\t\t\t<\/div>\n\t\t\t\t<div class=\"elementor-element elementor-element-62bf805 elementor-widget elementor-widget-text-editor\" data-id=\"62bf805\" data-element_type=\"widget\" data-e-type=\"widget\" data-widget_type=\"text-editor.default\">\n\t\t\t\t\t\t\t\t\t<p><span style=\"color: #f82a3d;\"><strong>Lixid Project SRL<\/strong><\/span><br \/>Cs\u00edkszentsimon, Cs\u00edki S\u00f6r utca, 575 sz\u00e1m, <br \/>Hargita megye, Erd\u00e9ly, Rom\u00e1nia<\/p><p><strong>L\u00e1togat\u00f3k\u00f6zpont id\u0151pont foglal\u00e1s<\/strong><br \/><a href=\"mailto:latogatokozpont@csiki.com\">latogatokozpont@csiki.com<\/a><br \/><a href=\"tel:+40755030895\">+40 755 030 895<\/a><\/p><p><strong>PR and marketing department<br \/><\/strong><a href=\"mailto:marketing@csiki.com\">marketing@csiki.com<\/a><\/p><p><strong>Group Sales Director<br \/><\/strong>Vladovici Cristian<br \/><a href=\"mailto:cristian.vladovici@csiki.com\">cristian.vladovici@csiki.com<\/a><br \/><a href=\"tel:+40745186953\">+40 745 186 953<\/a><\/p><p><strong>Development of Franchise and HoReCa network in Transylvania<\/strong><\/p><p>Sorb\u00e1n Attila<br \/><a href=\"tel:+40756715536\">+40 756 715 536<\/a><\/p><p><strong>HR department<\/strong><br \/><a href=\"mailto:hr@csiki.com\">hr@csiki.com<\/a><\/p>\t\t\t\t\t\t\t\t<\/div>\n\t\t\t\t<\/div>\n\t\t<div class=\"elementor-element elementor-element-adcbf61 e-con-full e-flex e-con e-child\" data-id=\"adcbf61\" data-element_type=\"container\" data-e-type=\"container\" data-settings=\"{&quot;background_background&quot;:&quot;classic&quot;}\">\n\t\t\t\t<div class=\"elementor-element elementor-element-08b3140 elementor-widget elementor-widget-heading\" data-id=\"08b3140\" data-element_type=\"widget\" data-e-type=\"widget\" data-widget_type=\"heading.default\">\n\t\t\t\t\t<h2 class=\"elementor-heading-title elementor-size-default\">Rom\u00e1niai forgalmaz\u00e1s<\/h2>\t\t\t\t<\/div>\n\t\t\t\t<div class=\"elementor-element elementor-element-5c8311f elementor-widget elementor-widget-text-editor\" data-id=\"5c8311f\" data-element_type=\"widget\" data-e-type=\"widget\" data-widget_type=\"text-editor.default\">\n\t\t\t\t\t\t\t\t\t<p><strong><b>National director<\/b><br \/><\/strong>Daniel Coricovac\u00a0<br \/><a href=\"mailto:daniel.coricovac@csiki.com\">daniel.coricovac@csiki.com<\/a> <br \/><a href=\"tel:+40722378169\">+40 722 378 169\u00a0<\/a><\/p><p>\u00a0<\/p>\t\t\t\t\t\t\t\t<\/div>\n\t\t\t\t<\/div>\n\t\t\t\t<\/div>\n\t\t<div class=\"elementor-element elementor-element-57c7f6e e-con-full e-flex e-con e-child\" data-id=\"57c7f6e\" data-element_type=\"container\" data-e-type=\"container\">\n\t\t<div class=\"elementor-element elementor-element-22948ee e-con-full e-flex e-con e-child\" data-id=\"22948ee\" data-element_type=\"container\" data-e-type=\"container\" data-settings=\"{&quot;background_background&quot;:&quot;classic&quot;}\">\n\t\t\t\t<div class=\"elementor-element elementor-element-c3dcd55 elementor-widget elementor-widget-heading\" data-id=\"c3dcd55\" data-element_type=\"widget\" data-e-type=\"widget\" data-widget_type=\"heading.default\">\n\t\t\t\t\t<h2 class=\"elementor-heading-title elementor-size-default\">Magyarorsz\u00e1gi forgalmaz\u00e1s<\/h2>\t\t\t\t<\/div>\n\t\t\t\t<div class=\"elementor-element elementor-element-36d969a elementor-widget elementor-widget-text-editor\" data-id=\"36d969a\" data-element_type=\"widget\" data-e-type=\"widget\" data-widget_type=\"text-editor.default\">\n\t\t\t\t\t\t\t\t\t<p><span style=\"color: #f82a3d;\"><strong>Cs\u00edki S\u00f6r Magyarorsz\u00e1g Kft.<\/strong><\/span><\/p><p><strong>Traditional Trade and HORECA Manager<\/strong><br \/>Varga P\u00e9ter<br \/><a href=\"mailto:varga.peter@csiki.com\">varga.peter@csiki.com<\/a><\/p><p><strong>Key Account Manager<\/strong><br \/>Cs\u00e1nicz-Hencsei Veronika<br \/><a href=\"mailto:vera.hencsei@csiki.com\">vera.hencsei@csiki.com<\/a><\/p><p><strong>Office<\/strong><br \/>Ratter R\u00e9ka<br \/><a href=\"mailto:ratter.reka@csiki.com\">ratter.reka@csiki.com<\/a><br \/><a href=\"tel:+36703627661\">+36 70 362 7661<\/a> <a><br \/><\/a><\/p><p><strong>Logisztikai k\u00f6zpont Magyarorsz\u00e1gon<\/strong><br \/>2142 Nagytarcsa, Tavasz utca 4.<\/p><p><strong>Logistics Centre Manager<\/strong><br \/><a href=\"mailto:benedek.zsolt@csiki.com\">benedek.zsolt@csiki.com<\/a><br \/><a href=\"tel:+36703360075\">+36 70 336 0075<\/a><\/p>\t\t\t\t\t\t\t\t<\/div>\n\t\t\t\t<div class=\"elementor-element elementor-element-6e680da elementor-hidden-desktop elementor-hidden-tablet elementor-hidden-mobile elementor-widget elementor-widget-text-editor\" data-id=\"6e680da\" data-element_type=\"widget\" data-e-type=\"widget\" data-widget_type=\"text-editor.default\">\n\t\t\t\t\t\t\t\t\t<p><span style=\"color: #f82a3d;\"><strong>Cs\u00edki S\u00f6r Magyarorsz\u00e1g Kft.<\/strong><\/span><\/p><p><strong>\u00dcgyvezet\u0151 igazgat\u00f3<\/strong><br \/>Horv\u00e1th Jaroslav<br \/><a href=\"mailto:jaroslav.horvath@csikisor.hu\">jaroslav.horvath@csikisor.hu<\/a><\/p><p><strong>Kereskedelmi igazgat\u00f3<\/strong><br \/>Horv\u00e1th Jaroslav<br \/><a href=\"mailto:jaroslav.horvath@csikisor.hu\">jaroslav.horvath@csikisor.hu<\/a><\/p><p><strong>Key account manager<\/strong><br \/>Veszpr\u00e9mi Andr\u00e1s\u00a0<br \/><a href=\"mailto:veszpremi.andras@csikisor.hu\">veszpremi.andras@csikisor.hu<\/a> <br \/><a href=\"tel:+36705434424\">+36 70 543 4424<\/a><\/p><p><strong>HORECA \u00e9s f\u00fcggetlen partnerek<\/strong><br \/>Varga P\u00e9ter<br \/><a href=\"mailto:varga.peter@csikisor.hu\">varga.peter@csikisor.hu <\/a><br \/><a href=\"tel:+36203132338\">+36 20 313 2338<\/a><\/p><p><strong>Magyarorsz\u00e1gi logisztikai k\u00f6zpont<\/strong><br \/>2142 Nagytarcsa, Tavasz utca 4.<\/p><p><strong>Logisztikai k\u00f6zpont vezet\u0151<\/strong><br \/>Benedek Zsolt<br \/><a href=\"mailto:benedek.zsolt@csikisor.hu\">benedek.zsolt@csikisor.hu <\/a><br \/><a href=\"tel:+36703360075\">+36 70 336 0075<\/a><\/p>\t\t\t\t\t\t\t\t<\/div>\n\t\t\t\t<\/div>\n\t\t\t\t<\/div>\n\t\t\t\t\t<\/div>\n\t\t\t\t<\/div>\n\t\t\t\t<\/div>\n\t\t","protected":false},"excerpt":{"rendered":"<p>L\u00e1togass meg minket! CS\u00cdKI csoport Lixid Project SRLCs\u00edkszentsimon, Cs\u00edki S\u00f6r utca, 575 sz\u00e1m, Hargita megye, Erd\u00e9ly, Rom\u00e1nia L\u00e1togat\u00f3k\u00f6zpont id\u0151pont foglal\u00e1slatogatokozpont@csiki.com+40 755 030 895 PR and marketing departmentmarketing@csiki.com Group Sales DirectorVladovici Cristiancristian.vladovici@csiki.com+40 745 186 953 Development of Franchise and HoReCa network in Transylvania Sorb\u00e1n Attila+40 756 715 536 HR departmenthr@csiki.com Rom\u00e1niai forgalmaz\u00e1s National directorDaniel Coricovac\u00a0daniel.coricovac@csiki.com +40 [&hellip;]<\/p>\n","protected":false},"author":1,"featured_media":0,"parent":0,"menu_order":0,"comment_status":"closed","ping_status":"closed","template":"elementor_header_footer","meta":{"_acf_changed":false,"footnotes":""},"class_list":["post-636","page","type-page","status-publish","hentry"],"acf":[],"_links":{"self":[{"href":"https:\/\/csiki.com\/hu\/wp-json\/wp\/v2\/pages\/636","targetHints":{"allow":["GET"]}}],"collection":[{"href":"https:\/\/csiki.com\/hu\/wp-json\/wp\/v2\/pages"}],"about":[{"href":"https:\/\/csiki.com\/hu\/wp-json\/wp\/v2\/types\/page"}],"author":[{"embeddable":true,"href":"https:\/\/csiki.com\/hu\/wp-json\/wp\/v2\/users\/1"}],"replies":[{"embeddable":true,"href":"https:\/\/csiki.com\/hu\/wp-json\/wp\/v2\/comments?post=636"}],"version-history":[{"count":5,"href":"https:\/\/csiki.com\/hu\/wp-json\/wp\/v2\/pages\/636\/revisions"}],"predecessor-version":[{"id":3007,"href":"https:\/\/csiki.com\/hu\/wp-json\/wp\/v2\/pages\/636\/revisions\/3007"}],"wp:attachment":[{"href":"https:\/\/csiki.com\/hu\/wp-json\/wp\/v2\/media?parent=636"}],"curies":[{"name":"wp","href":"https:\/\/api.w.org\/{rel}","templated":true}]}}