{"id":2283,"date":"2025-11-24T08:56:30","date_gmt":"2025-11-24T08:56:30","guid":{"rendered":"https:\/\/csiki.com\/szeszes-italok\/"},"modified":"2025-12-08T07:50:30","modified_gmt":"2025-12-08T07:50:30","slug":"szeszes-italok","status":"publish","type":"page","link":"https:\/\/csiki.com\/hu\/szeszes-italok\/","title":{"rendered":"Szeszes italok"},"content":{"rendered":"\t\t<div data-elementor-type=\"wp-page\" data-elementor-id=\"2283\" class=\"elementor elementor-2283 elementor-2267\" data-elementor-post-type=\"page\">\n\t\t\t\t<div class=\"elementor-element elementor-element-1e572050 e-con-full e-flex e-con e-parent\" data-id=\"1e572050\" data-element_type=\"container\" data-e-type=\"container\" data-settings=\"{&quot;background_background&quot;:&quot;classic&quot;}\">\n\t\t\t\t<div class=\"elementor-element elementor-element-4a50e72c elementor-widget elementor-widget-image\" data-id=\"4a50e72c\" data-element_type=\"widget\" data-e-type=\"widget\" data-widget_type=\"image.default\">\n\t\t\t\t\t\t\t\t\t\t\t\t\t\t\t<img decoding=\"async\" width=\"86\" height=\"22\" src=\"https:\/\/csiki.com\/wp-content\/uploads\/2025\/12\/jo-cucc.svg\" class=\"attachment-large size-large wp-image-2630\" alt=\"\" \/>\t\t\t\t\t\t\t\t\t\t\t\t\t\t\t<\/div>\n\t\t\t\t<\/div>\n\t\t<div class=\"elementor-element elementor-element-24e54da e-flex e-con-boxed e-con e-parent\" data-id=\"24e54da\" data-element_type=\"container\" data-e-type=\"container\">\n\t\t\t\t\t<div class=\"e-con-inner\">\n\t\t\t\t<div class=\"elementor-element elementor-element-510f274 elementor-widget elementor-widget-heading\" data-id=\"510f274\" data-element_type=\"widget\" data-e-type=\"widget\" data-widget_type=\"heading.default\">\n\t\t\t\t\t<h2 class=\"elementor-heading-title elementor-size-default\">Fedezd fel a rangos \u00edzvil\u00e1g esszenci\u00e1j\u00e1t<\/h2>\t\t\t\t<\/div>\n\t\t\t\t<div class=\"elementor-element elementor-element-2f9bdeb elementor-widget elementor-widget-image\" data-id=\"2f9bdeb\" data-element_type=\"widget\" data-e-type=\"widget\" data-widget_type=\"image.default\">\n\t\t\t\t\t\t\t\t\t\t\t\t\t\t\t<img decoding=\"async\" width=\"158\" height=\"156\" src=\"https:\/\/csiki.com\/wp-content\/uploads\/2025\/07\/csiki-spirits-logo.svg\" class=\"attachment-large size-large wp-image-467\" alt=\"\" \/>\t\t\t\t\t\t\t\t\t\t\t\t\t\t\t<\/div>\n\t\t\t\t\t<\/div>\n\t\t\t\t<\/div>\n\t\t<div class=\"elementor-element elementor-element-7b5eec9 e-flex e-con-boxed e-con e-parent\" data-id=\"7b5eec9\" data-element_type=\"container\" data-e-type=\"container\" data-settings=\"{&quot;background_background&quot;:&quot;classic&quot;}\">\n\t\t\t\t\t<div class=\"e-con-inner\">\n\t\t<div class=\"elementor-element elementor-element-d2753df e-con-full e-flex e-con e-child\" data-id=\"d2753df\" data-element_type=\"container\" data-e-type=\"container\">\n\t\t<div class=\"elementor-element elementor-element-16e5ed7 e-con-full e-flex elementor-invisible e-con e-child\" data-id=\"16e5ed7\" data-element_type=\"container\" data-e-type=\"container\" data-settings=\"{&quot;animation&quot;:&quot;fadeIn&quot;,&quot;animation_delay&quot;:1}\">\n\t\t\t\t<div class=\"elementor-element elementor-element-5d767d3 elementor-widget elementor-widget-image\" data-id=\"5d767d3\" data-element_type=\"widget\" data-e-type=\"widget\" data-widget_type=\"image.default\">\n\t\t\t\t\t\t\t\t\t\t\t\t\t\t\t\t<a href=\"https:\/\/csiki.com\/portfolio\/transylvanian-csiki-vodka\/\">\n\t\t\t\t\t\t\t<img fetchpriority=\"high\" decoding=\"async\" width=\"425\" height=\"800\" src=\"https:\/\/csiki.com\/wp-content\/uploads\/2025\/07\/spirits-vodka.webp\" class=\"elementor-animation-grow attachment-large size-large wp-image-439\" alt=\"\" srcset=\"https:\/\/csiki.com\/wp-content\/uploads\/2025\/07\/spirits-vodka.webp 425w, https:\/\/csiki.com\/wp-content\/uploads\/2025\/07\/spirits-vodka-159x300.webp 159w\" sizes=\"(max-width: 425px) 100vw, 425px\" \/>\t\t\t\t\t\t\t\t<\/a>\n\t\t\t\t\t\t\t\t\t\t\t\t\t\t\t<\/div>\n\t\t\t\t<div class=\"elementor-element elementor-element-ad4939c elementor-widget elementor-widget-heading\" data-id=\"ad4939c\" data-element_type=\"widget\" data-e-type=\"widget\" data-widget_type=\"heading.default\">\n\t\t\t\t\t<h2 class=\"elementor-heading-title elementor-size-default\">Vodka<\/h2>\t\t\t\t<\/div>\n\t\t\t\t<\/div>\n\t\t<div class=\"elementor-element elementor-element-888deaf e-con-full e-flex elementor-invisible e-con e-child\" data-id=\"888deaf\" data-element_type=\"container\" data-e-type=\"container\" data-settings=\"{&quot;animation&quot;:&quot;fadeIn&quot;,&quot;animation_delay&quot;:1.4}\">\n\t\t\t\t<div class=\"elementor-element elementor-element-d4a419e elementor-widget elementor-widget-image\" data-id=\"d4a419e\" data-element_type=\"widget\" data-e-type=\"widget\" data-widget_type=\"image.default\">\n\t\t\t\t\t\t\t\t\t\t\t\t\t\t\t\t<a href=\"https:\/\/csiki.com\/portfolio\/transylvanian-csiki-blueberry-liqueur\/\">\n\t\t\t\t\t\t\t<img loading=\"lazy\" decoding=\"async\" width=\"425\" height=\"800\" src=\"https:\/\/csiki.com\/wp-content\/uploads\/2025\/07\/Spirits_Blueberry_front.webp\" class=\"elementor-animation-grow attachment-large size-large wp-image-445\" alt=\"\" srcset=\"https:\/\/csiki.com\/wp-content\/uploads\/2025\/07\/Spirits_Blueberry_front.webp 425w, https:\/\/csiki.com\/wp-content\/uploads\/2025\/07\/Spirits_Blueberry_front-159x300.webp 159w\" sizes=\"(max-width: 425px) 100vw, 425px\" \/>\t\t\t\t\t\t\t\t<\/a>\n\t\t\t\t\t\t\t\t\t\t\t\t\t\t\t<\/div>\n\t\t\t\t<div class=\"elementor-element elementor-element-05859cb elementor-widget elementor-widget-heading\" data-id=\"05859cb\" data-element_type=\"widget\" data-e-type=\"widget\" data-widget_type=\"heading.default\">\n\t\t\t\t\t<h2 class=\"elementor-heading-title elementor-size-default\">Blueberry<\/h2>\t\t\t\t<\/div>\n\t\t\t\t<\/div>\n\t\t<div class=\"elementor-element elementor-element-347177c e-con-full e-flex elementor-invisible e-con e-child\" data-id=\"347177c\" data-element_type=\"container\" data-e-type=\"container\" data-settings=\"{&quot;animation&quot;:&quot;fadeIn&quot;,&quot;animation_delay&quot;:1.6}\">\n\t\t\t\t<div class=\"elementor-element elementor-element-9c5f255 elementor-widget elementor-widget-image\" data-id=\"9c5f255\" data-element_type=\"widget\" data-e-type=\"widget\" data-widget_type=\"image.default\">\n\t\t\t\t\t\t\t\t\t\t\t\t\t\t\t\t<a href=\"https:\/\/csiki.com\/portfolio\/transylvanian-csiki-bitter-liqueur\/\">\n\t\t\t\t\t\t\t<img loading=\"lazy\" decoding=\"async\" width=\"425\" height=\"800\" src=\"https:\/\/csiki.com\/wp-content\/uploads\/2025\/07\/Spirits_Bitter_Front.webp\" class=\"elementor-animation-grow attachment-large size-large wp-image-443\" alt=\"\" srcset=\"https:\/\/csiki.com\/wp-content\/uploads\/2025\/07\/Spirits_Bitter_Front.webp 425w, https:\/\/csiki.com\/wp-content\/uploads\/2025\/07\/Spirits_Bitter_Front-159x300.webp 159w\" sizes=\"(max-width: 425px) 100vw, 425px\" \/>\t\t\t\t\t\t\t\t<\/a>\n\t\t\t\t\t\t\t\t\t\t\t\t\t\t\t<\/div>\n\t\t\t\t<div class=\"elementor-element elementor-element-fe9846a elementor-widget elementor-widget-heading\" data-id=\"fe9846a\" data-element_type=\"widget\" data-e-type=\"widget\" data-widget_type=\"heading.default\">\n\t\t\t\t\t<h2 class=\"elementor-heading-title elementor-size-default\">Bitter<\/h2>\t\t\t\t<\/div>\n\t\t\t\t<\/div>\n\t\t\t\t<\/div>\n\t\t\t\t\t<\/div>\n\t\t\t\t<\/div>\n\t\t\t\t<\/div>\n\t\t","protected":false},"excerpt":{"rendered":"<p>Fedezd fel a rangos \u00edzvil\u00e1g esszenci\u00e1j\u00e1t Vodka Blueberry Bitter<\/p>\n","protected":false},"author":1,"featured_media":0,"parent":0,"menu_order":0,"comment_status":"closed","ping_status":"closed","template":"elementor_header_footer","meta":{"_acf_changed":false,"footnotes":""},"class_list":["post-2283","page","type-page","status-publish","hentry"],"acf":[],"_links":{"self":[{"href":"https:\/\/csiki.com\/hu\/wp-json\/wp\/v2\/pages\/2283","targetHints":{"allow":["GET"]}}],"collection":[{"href":"https:\/\/csiki.com\/hu\/wp-json\/wp\/v2\/pages"}],"about":[{"href":"https:\/\/csiki.com\/hu\/wp-json\/wp\/v2\/types\/page"}],"author":[{"embeddable":true,"href":"https:\/\/csiki.com\/hu\/wp-json\/wp\/v2\/users\/1"}],"replies":[{"embeddable":true,"href":"https:\/\/csiki.com\/hu\/wp-json\/wp\/v2\/comments?post=2283"}],"version-history":[{"count":4,"href":"https:\/\/csiki.com\/hu\/wp-json\/wp\/v2\/pages\/2283\/revisions"}],"predecessor-version":[{"id":2641,"href":"https:\/\/csiki.com\/hu\/wp-json\/wp\/v2\/pages\/2283\/revisions\/2641"}],"wp:attachment":[{"href":"https:\/\/csiki.com\/hu\/wp-json\/wp\/v2\/media?parent=2283"}],"curies":[{"name":"wp","href":"https:\/\/api.w.org\/{rel}","templated":true}]}}